{"id":98,"date":"2022-10-31T16:23:57","date_gmt":"2022-10-31T16:23:57","guid":{"rendered":"https:\/\/comsitek.com\/?page_id=98"},"modified":"2022-10-31T16:53:08","modified_gmt":"2022-10-31T16:53:08","slug":"reparacion-computadores-bogota-y-cundinamarca","status":"publish","type":"page","link":"https:\/\/comsitek.com\/index.php\/reparacion-computadores-bogota-y-cundinamarca\/","title":{"rendered":"Reparaci\u00f3n Computadores Bogot\u00e1 y Cundinamarca"},"content":{"rendered":"<body><p><\/p>\n<p class=\"p1\" style=\"text-align: center;\"><strong>\u00bfTienes problemas con tu computador? <\/strong><\/p>\n<p class=\"p1\" style=\"text-align: center;\"><strong>\u00bfEst\u00e1 demasiado lento?<\/strong><\/p>\n<p style=\"text-align: center;\"><strong>\u00a1NO LO CAMBIES!<\/strong><\/p>\n<p style=\"text-align: center;\"><strong>DIAGNOSTICO REMOTO GRATIS EN 15 MINUTOS<\/strong><\/p>\n<p>Perm\u00edtenos renovarlo y dej\u00e1rtelo con la mejor velocidad instalando un disco duro de estado solido, si tu computador no cuenta con un disco de estado solido realmente es muy lento comparado con esta nueva tecnolog\u00eda.<\/p>\n<p><strong>DIAGNOSTICO GRATIS Y DE MANERA REMOTA<\/strong><\/p>\n<p>Cont\u00e1ctanos a nuestro <a href=\"https:\/\/api.whatsapp.com\/send?phone=573104805582&amp;text=Hola!%20Quisiera%20ayuda%20con%20mi%20computador%20lento.%20Le%C3%AD%20que%20tienen%20diagnostico%20remoto%20gratis...\">whatsapp (click aqu\u00ed)<\/a> o en el tel\u00e9fono +573104805582 .<\/p>\n<p><a href=\"https:\/\/api.whatsapp.com\/send?phone=573104805582&amp;text=Hola!%20Quisiera%20ayuda%20con%20mi%20computador%20lento.%20Le%C3%AD%20que%20tienen%20diagnostico%20remoto%20gratis...\"><img data-recalc-dims=\"1\" decoding=\"async\" class=\"alignnone size-medium wp-image-93 aligncenter\" src=\"https:\/\/i0.wp.com\/comsitek.com\/wp-content\/uploads\/2021\/07\/Miami.jpg?resize=225%2C300\" alt=\"reparacion-de-computadores-en-miami\" width=\"225\" height=\"300\" loading=\"lazy\" srcset=\"https:\/\/i0.wp.com\/comsitek.com\/wp-content\/uploads\/2021\/07\/Miami.jpg?resize=225%2C300&amp;ssl=1 225w, https:\/\/i0.wp.com\/comsitek.com\/wp-content\/uploads\/2021\/07\/Miami.jpg?w=720&amp;ssl=1 720w\" sizes=\"auto, (max-width: 225px) 100vw, 225px\" \/><\/a><\/p>\n<p><strong>Diagn\u00f3stico Gratis<\/strong><\/p>\n<p>Nuestro proceso de reparaci\u00f3n comienza con un diagn\u00f3stico gratis de m\u00e1ximo 15 minutos. Donde evaluaremos cual es el disco que necesitas comprar para tu computador. A partir de ah\u00ed pueden dise\u00f1ar una forma de proceder y presentar todas las opciones al cliente. Estos diagn\u00f3sticos siempre son gratis, independiente de si decides seguir adelante con la reparaci\u00f3n como si no.<\/p>\n<\/body>","protected":false},"excerpt":{"rendered":"<p>\u00bfTienes problemas con tu computador? \u00bfEst\u00e1 demasiado lento? \u00a1NO LO CAMBIES! DIAGNOSTICO REMOTO GRATIS EN 15 MINUTOS Perm\u00edtenos renovarlo y dej\u00e1rtelo con la mejor velocidad instalando un disco duro de estado solido, si tu computador no cuenta con un disco de estado solido realmente es muy lento comparado con esta nueva tecnolog\u00eda. DIAGNOSTICO GRATIS Y &hellip; <\/p>\n<p class=\"link-more\"><a href=\"https:\/\/comsitek.com\/index.php\/reparacion-computadores-bogota-y-cundinamarca\/\" class=\"more-link\">Continue reading<span class=\"screen-reader-text\"> &#8220;Reparaci\u00f3n Computadores Bogot\u00e1 y Cundinamarca&#8221;<\/span><\/a><\/p>\n","protected":false},"author":1,"featured_media":66,"parent":0,"menu_order":0,"comment_status":"closed","ping_status":"closed","template":"","meta":{"om_disable_all_campaigns":false,"_monsterinsights_skip_tracking":false,"_monsterinsights_sitenote_active":false,"_monsterinsights_sitenote_note":"","_monsterinsights_sitenote_category":0,"_joinchat":[],"footnotes":""},"class_list":["post-98","page","type-page","status-publish","has-post-thumbnail","hentry"],"jetpack_sharing_enabled":true,"_links":{"self":[{"href":"https:\/\/comsitek.com\/index.php\/wp-json\/wp\/v2\/pages\/98","targetHints":{"allow":["GET"]}}],"collection":[{"href":"https:\/\/comsitek.com\/index.php\/wp-json\/wp\/v2\/pages"}],"about":[{"href":"https:\/\/comsitek.com\/index.php\/wp-json\/wp\/v2\/types\/page"}],"author":[{"embeddable":true,"href":"https:\/\/comsitek.com\/index.php\/wp-json\/wp\/v2\/users\/1"}],"replies":[{"embeddable":true,"href":"https:\/\/comsitek.com\/index.php\/wp-json\/wp\/v2\/comments?post=98"}],"version-history":[{"count":2,"href":"https:\/\/comsitek.com\/index.php\/wp-json\/wp\/v2\/pages\/98\/revisions"}],"predecessor-version":[{"id":102,"href":"https:\/\/comsitek.com\/index.php\/wp-json\/wp\/v2\/pages\/98\/revisions\/102"}],"wp:featuredmedia":[{"embeddable":true,"href":"https:\/\/comsitek.com\/index.php\/wp-json\/wp\/v2\/media\/66"}],"wp:attachment":[{"href":"https:\/\/comsitek.com\/index.php\/wp-json\/wp\/v2\/media?parent=98"}],"curies":[{"name":"wp","href":"https:\/\/api.w.org\/{rel}","templated":true}]}}