{"id":40,"date":"2019-12-01T17:34:41","date_gmt":"2019-12-01T17:34:41","guid":{"rendered":"http:\/\/comsitek.com\/?page_id=40"},"modified":"2019-12-04T03:25:16","modified_gmt":"2019-12-04T03:25:16","slug":"servicios","status":"publish","type":"page","link":"https:\/\/comsitek.com\/index.php\/servicios\/","title":{"rendered":"Servicios"},"content":{"rendered":"<body>\n<p>Estos son los Servicios que COMSITEK tiene para usted con excelente calidad y amplia experiencia<\/p>\n\n\n\n<ul class=\"wp-block-list\"><li>Consultoria y Asesor\u00edas TI<\/li><li>Seguridad de la Informaci\u00f3n para PYMES<\/li><li>Implementaci\u00f3n de est\u00e1ndares ISO 27000<\/li><li>Dise\u00f1o Web<br>\n<\/li><li>Dise\u00f1o de aplicaciones m\u00f3viles<br>\n<\/li><li>Implementaci\u00f3n de Copias de Seguridad<br>\n<\/li><li>Reparaci\u00f3n de Equipos<br>\n<\/li><li>Mantenimiento Especializado<\/li><\/ul>\n<\/body>","protected":false},"excerpt":{"rendered":"<p>Estos son los Servicios que COMSITEK tiene para usted con excelente calidad y amplia experiencia Consultoria y Asesor\u00edas TI Seguridad de la Informaci\u00f3n para PYMES Implementaci\u00f3n de est\u00e1ndares ISO 27000 Dise\u00f1o Web Dise\u00f1o de aplicaciones m\u00f3viles Implementaci\u00f3n de Copias de Seguridad Reparaci\u00f3n de Equipos Mantenimiento Especializado<\/p>\n","protected":false},"author":1,"featured_media":73,"parent":0,"menu_order":0,"comment_status":"closed","ping_status":"closed","template":"","meta":{"om_disable_all_campaigns":false,"_monsterinsights_skip_tracking":false,"_monsterinsights_sitenote_active":false,"_monsterinsights_sitenote_note":"","_monsterinsights_sitenote_category":0,"_joinchat":[],"footnotes":""},"class_list":["post-40","page","type-page","status-publish","has-post-thumbnail","hentry"],"jetpack_sharing_enabled":true,"_links":{"self":[{"href":"https:\/\/comsitek.com\/index.php\/wp-json\/wp\/v2\/pages\/40","targetHints":{"allow":["GET"]}}],"collection":[{"href":"https:\/\/comsitek.com\/index.php\/wp-json\/wp\/v2\/pages"}],"about":[{"href":"https:\/\/comsitek.com\/index.php\/wp-json\/wp\/v2\/types\/page"}],"author":[{"embeddable":true,"href":"https:\/\/comsitek.com\/index.php\/wp-json\/wp\/v2\/users\/1"}],"replies":[{"embeddable":true,"href":"https:\/\/comsitek.com\/index.php\/wp-json\/wp\/v2\/comments?post=40"}],"version-history":[{"count":1,"href":"https:\/\/comsitek.com\/index.php\/wp-json\/wp\/v2\/pages\/40\/revisions"}],"predecessor-version":[{"id":41,"href":"https:\/\/comsitek.com\/index.php\/wp-json\/wp\/v2\/pages\/40\/revisions\/41"}],"wp:featuredmedia":[{"embeddable":true,"href":"https:\/\/comsitek.com\/index.php\/wp-json\/wp\/v2\/media\/73"}],"wp:attachment":[{"href":"https:\/\/comsitek.com\/index.php\/wp-json\/wp\/v2\/media?parent=40"}],"curies":[{"name":"wp","href":"https:\/\/api.w.org\/{rel}","templated":true}]}}