{"id":13,"date":"2019-12-01T16:54:31","date_gmt":"2019-12-01T16:54:31","guid":{"rendered":"http:\/\/comsitek.com\/?page_id=13"},"modified":"2019-12-01T17:29:51","modified_gmt":"2019-12-01T17:29:51","slug":"a-homepage-section","status":"publish","type":"page","link":"https:\/\/comsitek.com\/index.php\/a-homepage-section\/","title":{"rendered":"Nosotros"},"content":{"rendered":"<body>\n<p><strong>Misi\u00f3n<\/strong><\/p>\n\n\n\n<p>Trabajar para ofrecer nuestros servicios con un compromiso de \u00e9tica, profesionalismo y calidad hacia nuestros clientes, buscando una relaci\u00f3n a largo plazo, productiva y ben\u00e9fica para ambos. Brindando tambi\u00e9n soluciones inteligentes eficientes y econ\u00f3micas respaldadas por nuestra amplia experiencia.<\/p>\n\n\n\n<p><strong>Visi\u00f3n<\/strong><\/p>\n\n\n\n<p>Lograr ser reconocidos como una empresa l\u00edder brindando soluciones tecnol\u00f3gicas integrales con la mejor asesor\u00eda profesional y capacitaci\u00f3n personalizada siendo una de las empresas mas importantes a nivel nacional.<\/p>\n\n\n\n<p><strong>\u00bfQue hacemos para ayudarle?<\/strong><\/p>\n\n\n\n<p>Nos sentamos a su lado, de un modo proactivo, para asesorarle sobre las soluciones reales a sus problemas tecnol\u00f3gicos. Nos implicamos en su problem\u00e1tica, tratando de recomendarle las mejores soluciones al m\u00ednimo costo teniendo en cuenta su evoluci\u00f3n temporal. Nos retiramos cuando dejamos de proporcionarle un valor agregado.<\/p>\n\n\n\n<p>Nuestras intervenciones son puntuales y efectivas, garantizadas por la experiencia adquirida con nuestros clientes.<\/p>\n\n\n\n<p><strong>\u00bfQue ofrecemos?<\/strong><\/p>\n\n\n\n<p>Nuestra amplia gama de soluciones inform\u00e1ticas nos permite ser la mejor opci\u00f3n para usted, ya que le proveemos servicios integrales completamente garantizados.<\/p>\n<\/body>","protected":false},"excerpt":{"rendered":"<p>Misi\u00f3n Trabajar para ofrecer nuestros servicios con un compromiso de \u00e9tica, profesionalismo y calidad hacia nuestros clientes, buscando una relaci\u00f3n a largo plazo, productiva y ben\u00e9fica para ambos. Brindando tambi\u00e9n soluciones inteligentes eficientes y econ\u00f3micas respaldadas por nuestra amplia experiencia. Visi\u00f3n Lograr ser reconocidos como una empresa l\u00edder brindando soluciones tecnol\u00f3gicas integrales con la mejor &hellip; <\/p>\n<p class=\"link-more\"><a href=\"https:\/\/comsitek.com\/index.php\/a-homepage-section\/\" class=\"more-link\">Continue reading<span class=\"screen-reader-text\"> &#8220;Nosotros&#8221;<\/span><\/a><\/p>\n","protected":false},"author":1,"featured_media":6,"parent":0,"menu_order":0,"comment_status":"closed","ping_status":"closed","template":"","meta":{"om_disable_all_campaigns":false,"_monsterinsights_skip_tracking":false,"_monsterinsights_sitenote_active":false,"_monsterinsights_sitenote_note":"","_monsterinsights_sitenote_category":0,"_joinchat":[],"footnotes":""},"class_list":["post-13","page","type-page","status-publish","has-post-thumbnail","hentry"],"jetpack_sharing_enabled":true,"_links":{"self":[{"href":"https:\/\/comsitek.com\/index.php\/wp-json\/wp\/v2\/pages\/13","targetHints":{"allow":["GET"]}}],"collection":[{"href":"https:\/\/comsitek.com\/index.php\/wp-json\/wp\/v2\/pages"}],"about":[{"href":"https:\/\/comsitek.com\/index.php\/wp-json\/wp\/v2\/types\/page"}],"author":[{"embeddable":true,"href":"https:\/\/comsitek.com\/index.php\/wp-json\/wp\/v2\/users\/1"}],"replies":[{"embeddable":true,"href":"https:\/\/comsitek.com\/index.php\/wp-json\/wp\/v2\/comments?post=13"}],"version-history":[{"count":3,"href":"https:\/\/comsitek.com\/index.php\/wp-json\/wp\/v2\/pages\/13\/revisions"}],"predecessor-version":[{"id":34,"href":"https:\/\/comsitek.com\/index.php\/wp-json\/wp\/v2\/pages\/13\/revisions\/34"}],"wp:featuredmedia":[{"embeddable":true,"href":"https:\/\/comsitek.com\/index.php\/wp-json\/wp\/v2\/media\/6"}],"wp:attachment":[{"href":"https:\/\/comsitek.com\/index.php\/wp-json\/wp\/v2\/media?parent=13"}],"curies":[{"name":"wp","href":"https:\/\/api.w.org\/{rel}","templated":true}]}}