{"id":11,"date":"2019-12-01T16:54:31","date_gmt":"2019-12-01T16:54:31","guid":{"rendered":"http:\/\/comsitek.com\/?page_id=11"},"modified":"2021-07-26T22:17:22","modified_gmt":"2021-07-26T22:17:22","slug":"contact","status":"publish","type":"page","link":"https:\/\/comsitek.com\/index.php\/contact\/","title":{"rendered":"Contacto"},"content":{"rendered":"<body><p>Contamos con un equipo siempre dispuesto a brindarle las mejores soluciones. Por favor ll\u00e1menos o escr\u00edbanos al tel\u00e9fono +17867981899 en Miami o +573104805582 en Bogot\u00e1.<\/p>\n<\/body>","protected":false},"excerpt":{"rendered":"<p>Contamos con un equipo siempre dispuesto a brindarle las mejores soluciones. Por favor ll\u00e1menos o escr\u00edbanos al tel\u00e9fono +17867981899 en Miami o +573104805582 en Bogot\u00e1.<\/p>\n","protected":false},"author":1,"featured_media":6,"parent":0,"menu_order":0,"comment_status":"closed","ping_status":"closed","template":"","meta":{"om_disable_all_campaigns":false,"_monsterinsights_skip_tracking":false,"_monsterinsights_sitenote_active":false,"_monsterinsights_sitenote_note":"","_monsterinsights_sitenote_category":0,"_joinchat":[],"footnotes":""},"class_list":["post-11","page","type-page","status-publish","has-post-thumbnail","hentry"],"jetpack_sharing_enabled":true,"_links":{"self":[{"href":"https:\/\/comsitek.com\/index.php\/wp-json\/wp\/v2\/pages\/11","targetHints":{"allow":["GET"]}}],"collection":[{"href":"https:\/\/comsitek.com\/index.php\/wp-json\/wp\/v2\/pages"}],"about":[{"href":"https:\/\/comsitek.com\/index.php\/wp-json\/wp\/v2\/types\/page"}],"author":[{"embeddable":true,"href":"https:\/\/comsitek.com\/index.php\/wp-json\/wp\/v2\/users\/1"}],"replies":[{"embeddable":true,"href":"https:\/\/comsitek.com\/index.php\/wp-json\/wp\/v2\/comments?post=11"}],"version-history":[{"count":4,"href":"https:\/\/comsitek.com\/index.php\/wp-json\/wp\/v2\/pages\/11\/revisions"}],"predecessor-version":[{"id":85,"href":"https:\/\/comsitek.com\/index.php\/wp-json\/wp\/v2\/pages\/11\/revisions\/85"}],"wp:featuredmedia":[{"embeddable":true,"href":"https:\/\/comsitek.com\/index.php\/wp-json\/wp\/v2\/media\/6"}],"wp:attachment":[{"href":"https:\/\/comsitek.com\/index.php\/wp-json\/wp\/v2\/media?parent=11"}],"curies":[{"name":"wp","href":"https:\/\/api.w.org\/{rel}","templated":true}]}}