{"id":108,"date":"2024-03-17T02:56:03","date_gmt":"2024-03-17T02:56:03","guid":{"rendered":"https:\/\/comsitek.com\/?page_id=108"},"modified":"2024-03-17T03:11:12","modified_gmt":"2024-03-17T03:11:12","slug":"hosting-dominio-com-para-emprendedores","status":"publish","type":"page","link":"https:\/\/comsitek.com\/index.php\/hosting-dominio-com-para-emprendedores\/","title":{"rendered":"Hosting + Dominio .com para emprendedores"},"content":{"rendered":"<body>\n<h2 class=\"wp-block-heading has-text-align-center\"><strong>\u00a1Acelera tu presencia online!<\/strong><\/h2>\n\n\n\n<p class=\"has-text-align-center\">\u00bfQuieres tener una presencia online profesional sin complicaciones?<\/p>\n\n\n\n<p class=\"has-text-align-center\">\u00a1Entonces tenemos la soluci\u00f3n perfecta para ti!<\/p>\n\n\n\n<p><strong>Aprovecha nuestra oferta \u00fanica de combo hosting web + dominio con 70% de descuento.<\/strong><\/p>\n\n\n\n<h3 class=\"wp-block-heading\"><strong>Combo hosting web + dominio con 70% de descuento<\/strong><\/h3>\n\n\n\n<p><strong>Precio normal:<\/strong> $150.000 COP \u2013 Hoy con el 70% de descuento.<\/p>\n\n\n\n<p><strong>Precio por el primer a\u00f1o:<\/strong> <strong>\u00a1Solo $45.000 COP!<\/strong><\/p>\n\n\n\n<p><strong>\u00bfQu\u00e9 incluye?<\/strong><\/p>\n\n\n\n<ul class=\"wp-block-list\">\n<li><strong>Hosting web:<\/strong>\u00a0Almacenamiento de alta velocidad para tu p\u00e1gina web.<\/li>\n\n\n\n<li><strong>Dominio .com, .org o .net:<\/strong>\u00a0Tu propia direcci\u00f3n web personalizada.<\/li>\n\n\n\n<li><strong>Correo electr\u00f3nico:<\/strong>\u00a0Crea cuentas de correo electr\u00f3nico con tu nombre de dominio.<\/li>\n<\/ul>\n\n\n\n<p><strong>\u00a1Y adem\u00e1s!<\/strong><\/p>\n\n\n\n<p><strong>Bono adicional:<\/strong><\/p>\n\n\n\n<ul class=\"wp-block-list\">\n<li><strong>20 minutos de diagn\u00f3stico GRATIS con un profesional de seguridad de la informaci\u00f3n<\/strong><\/li>\n<\/ul>\n\n\n\n<p><strong>Revisa tu computador en busca de posibles vulnerabilidades y recibe recomendaciones para mejorar su seguridad.<\/strong><\/p>\n\n\n\n<p>Adem\u00e1s pregunta para participar por 1 licencia de Mcafee Antivirus para tu computador sin costo por 1 a\u00f1o.<\/p>\n\n\n\n<p><strong>\u00bfQu\u00e9 esperas?<\/strong><\/p>\n\n\n\n<p class=\"has-text-align-center\"><strong>\u00a1Oferta por tiempo limitado!<\/strong><\/p>\n\n\n\n<p>\u00a0<\/p>\n\n\n\n<p>Cont\u00e1ctanos a nuestro <a href=\"https:\/\/api.whatsapp.com\/send?phone=573104805582&amp;text=Hola!%20Quisiera%20ayuda%20con%20la%20promo%20hosting.\">whatsapp (click aqu\u00ed)<\/a> o en el tel\u00e9fono +573104805582 .<\/p>\n\n\n\n<p>D\u00e9janos tus datos y podr\u00e1s tener hoy mismo tu dominio y hosting funcionando:<\/p>\n\n\n\n<div class=\"wpcf7 no-js\" id=\"wpcf7-f112-o1\" lang=\"en-US\" dir=\"ltr\" data-wpcf7-id=\"112\">\n<div class=\"screen-reader-response\"><p role=\"status\" aria-live=\"polite\" aria-atomic=\"true\"><\/p> <ul><\/ul><\/div>\n<form action=\"\/index.php\/wp-json\/wp\/v2\/pages\/108#wpcf7-f112-o1\" method=\"post\" class=\"wpcf7-form init\" aria-label=\"Contact form\" novalidate=\"novalidate\" data-status=\"init\">\n<fieldset class=\"hidden-fields-container\"><input type=\"hidden\" name=\"_wpcf7\" value=\"112\" \/><input type=\"hidden\" name=\"_wpcf7_version\" value=\"6.1.5\" \/><input type=\"hidden\" name=\"_wpcf7_locale\" value=\"en_US\" \/><input type=\"hidden\" name=\"_wpcf7_unit_tag\" value=\"wpcf7-f112-o1\" \/><input type=\"hidden\" name=\"_wpcf7_container_post\" value=\"0\" \/><input type=\"hidden\" name=\"_wpcf7_posted_data_hash\" value=\"\" \/>\n<\/fieldset>\n<p><label> Nombre:<br \/>\n<span class=\"wpcf7-form-control-wrap\" data-name=\"your-name\"><input size=\"40\" maxlength=\"400\" class=\"wpcf7-form-control wpcf7-text wpcf7-validates-as-required\" autocomplete=\"name\" aria-required=\"true\" aria-invalid=\"false\" value=\"\" type=\"text\" name=\"your-name\" \/><\/span> <\/label>\n<\/p>\n<p><label> E-mail:<br \/>\n<span class=\"wpcf7-form-control-wrap\" data-name=\"your-email\"><input size=\"40\" maxlength=\"400\" class=\"wpcf7-form-control wpcf7-email wpcf7-validates-as-required wpcf7-text wpcf7-validates-as-email\" autocomplete=\"email\" aria-required=\"true\" aria-invalid=\"false\" value=\"\" type=\"email\" name=\"your-email\" \/><\/span> <\/label>\n<\/p>\n<p><label> Tel\u00e9fono:<br \/>\n<span class=\"wpcf7-form-control-wrap\" data-name=\"Telefono\"><input size=\"40\" maxlength=\"400\" class=\"wpcf7-form-control wpcf7-tel wpcf7-text wpcf7-validates-as-tel\" aria-invalid=\"false\" value=\"+57\" type=\"tel\" name=\"Telefono\" \/><\/span><\/label>\n<\/p>\n<p><label> Dominio que te interesa:<br \/>\n<span class=\"wpcf7-form-control-wrap\" data-name=\"your-subject\"><input size=\"40\" maxlength=\"400\" class=\"wpcf7-form-control wpcf7-text wpcf7-validates-as-required\" aria-required=\"true\" aria-invalid=\"false\" value=\"\" type=\"text\" name=\"your-subject\" \/><\/span> <\/label>\n<\/p>\n<p><label> Mensaje:<br \/>\n<span class=\"wpcf7-form-control-wrap\" data-name=\"your-message\"><input size=\"40\" maxlength=\"400\" class=\"wpcf7-form-control wpcf7-text wpcf7-validates-as-required\" aria-required=\"true\" aria-invalid=\"false\" value=\"\" type=\"text\" name=\"your-message\" \/><\/span> <\/label>\n<\/p>\n<p><input class=\"wpcf7-form-control wpcf7-submit has-spinner\" type=\"submit\" value=\"Enviar\" \/>\n<\/p><p style=\"display: none !important;\" class=\"akismet-fields-container\" data-prefix=\"_wpcf7_ak_\"><label>&#916;<textarea name=\"_wpcf7_ak_hp_textarea\" cols=\"45\" rows=\"8\" maxlength=\"100\"><\/textarea><\/label><input type=\"hidden\" id=\"ak_js_1\" name=\"_wpcf7_ak_js\" value=\"31\"\/><script>document.getElementById( \"ak_js_1\" ).setAttribute( \"value\", ( new Date() ).getTime() );<\/script><\/p><div class=\"wpcf7-response-output\" aria-hidden=\"true\"><\/div>\n<\/form>\n<\/div>\n\n\n\n\n<p>\u00a0<\/p>\n\n\n\n<p><strong>No te pierdas esta oportunidad \u00fanica de obtener tu hosting web y dominio a un precio incre\u00edble.<\/strong><\/p>\n\n\n\n<p><strong>\u00a1Aprovecha esta oferta antes de que se agote!<\/strong><\/p>\n\n\n\n<p><strong>Importante:<\/strong><\/p>\n\n\n\n<ul class=\"wp-block-list\">\n<li><strong>Este servicio no incluye dise\u00f1o web, desarrollo web ni creaci\u00f3n de p\u00e1ginas web.<\/strong><\/li>\n\n\n\n<li><strong>El cliente debe tener su propia p\u00e1gina web para poder alojarla en nuestro servidor.<\/strong><\/li>\n\n\n\n<li><strong>El servicio de diagn\u00f3stico de 20 minutos es un bono sin costo adicional por 1 sola vez y ser\u00e1 proporcionado de manera remota.<\/strong><\/li>\n<\/ul>\n\n\n\n<p class=\"has-text-align-center\"><strong>\u00bfNecesitas Correos Corporativos? <\/strong><\/p>\n\n\n\n<p class=\"has-text-align-center\"><strong>\u00a1ESTA ES TU GRAN OPORTUNIDAD DE AHORRAR!<\/strong><\/p>\n\n\n\n<p class=\"has-text-align-center\"><strong>HOSTING\u00a0 +\u00a0 DOMINIO POR 1 A\u00d1O CON EL 70% DE DESCUENTO<\/strong><\/p>\n<\/body>","protected":false},"excerpt":{"rendered":"<p>\u00a1Acelera tu presencia online! \u00bfQuieres tener una presencia online profesional sin complicaciones? \u00a1Entonces tenemos la soluci\u00f3n perfecta para ti! Aprovecha nuestra oferta \u00fanica de combo hosting web + dominio con 70% de descuento. Combo hosting web + dominio con 70% de descuento Precio normal: $150.000 COP \u2013 Hoy con el 70% de descuento. Precio por &hellip; <\/p>\n<p class=\"link-more\"><a href=\"https:\/\/comsitek.com\/index.php\/hosting-dominio-com-para-emprendedores\/\" class=\"more-link\">Continue reading<span class=\"screen-reader-text\"> &#8220;Hosting + Dominio .com para emprendedores&#8221;<\/span><\/a><\/p>\n","protected":false},"author":1,"featured_media":66,"parent":0,"menu_order":0,"comment_status":"closed","ping_status":"closed","template":"","meta":{"om_disable_all_campaigns":false,"_monsterinsights_skip_tracking":false,"_monsterinsights_sitenote_active":false,"_monsterinsights_sitenote_note":"","_monsterinsights_sitenote_category":0,"_joinchat":[],"footnotes":""},"class_list":["post-108","page","type-page","status-publish","has-post-thumbnail","hentry"],"jetpack_sharing_enabled":true,"_links":{"self":[{"href":"https:\/\/comsitek.com\/index.php\/wp-json\/wp\/v2\/pages\/108","targetHints":{"allow":["GET"]}}],"collection":[{"href":"https:\/\/comsitek.com\/index.php\/wp-json\/wp\/v2\/pages"}],"about":[{"href":"https:\/\/comsitek.com\/index.php\/wp-json\/wp\/v2\/types\/page"}],"author":[{"embeddable":true,"href":"https:\/\/comsitek.com\/index.php\/wp-json\/wp\/v2\/users\/1"}],"replies":[{"embeddable":true,"href":"https:\/\/comsitek.com\/index.php\/wp-json\/wp\/v2\/comments?post=108"}],"version-history":[{"count":4,"href":"https:\/\/comsitek.com\/index.php\/wp-json\/wp\/v2\/pages\/108\/revisions"}],"predecessor-version":[{"id":114,"href":"https:\/\/comsitek.com\/index.php\/wp-json\/wp\/v2\/pages\/108\/revisions\/114"}],"wp:featuredmedia":[{"embeddable":true,"href":"https:\/\/comsitek.com\/index.php\/wp-json\/wp\/v2\/media\/66"}],"wp:attachment":[{"href":"https:\/\/comsitek.com\/index.php\/wp-json\/wp\/v2\/media?parent=108"}],"curies":[{"name":"wp","href":"https:\/\/api.w.org\/{rel}","templated":true}]}}